{"id":8,"date":"2020-07-04T21:08:31","date_gmt":"2020-07-04T21:08:31","guid":{"rendered":"https:\/\/novoolharrua.org\/comunidade\/terms-of-service\/"},"modified":"2021-04-29T19:41:31","modified_gmt":"2021-04-29T22:41:31","slug":"termos-adesao","status":"publish","type":"page","link":"https:\/\/novoolharrua.org\/comunidade\/termos-adesao\/","title":{"rendered":"Termo de Ades\u00e3o"},"content":{"rendered":"\n<p><strong>Crit\u00e9rios de revis\u00e3o\/desligamento de Membros:<\/strong><\/p>\n\n\n\n<ul><li>Aqueles que colocarem interesses financeiros, pol\u00edtico-partid\u00e1rio ou pessoais acima dos interesses sociais;<\/li><li>&nbsp;Os que infringirem os direitos da Popula\u00e7\u00e3o em Situa\u00e7\u00e3o de Rua, seja, desrespeitar, discriminar, demonstrar preconceito de toda e qualquer natureza, agredir, ou qualquer a\u00e7\u00e3o de viol\u00eancia;<\/li><li>Os que demonstrarem atitudes desagregadoras reiteradamente;&nbsp;<\/li><\/ul>\n\n\n\n<p><strong>S\u00e3o deveres dos membros associados e efetivos:<\/strong><\/p>\n\n\n\n<ul><li>Manter o cadastro atualizado;<\/li><li>Ter comprometimento com as a\u00e7\u00f5es agendadas atrav\u00e9s do site;<\/li><li>Realizar as a\u00e7\u00f5es de apoio a PSR, sempre que poss\u00edvel, atrav\u00e9s do site;<\/li><li>Colaborar para o pleno funcionamento da Rede Novo Olhar Rua;<\/li><li>Cumprir com as normas \u00e9ticas e morais;<\/li><\/ul>\n\n\n\n<p><strong>S\u00e3o direitos dos membros associados e efetivos:<\/strong><\/p>\n\n\n\n<ul><li>Utilizar-se do site\/aplicativo para agendar as a\u00e7\u00f5es e solicitar doa\u00e7\u00f5es eventuais;&nbsp;<\/li><li>Solicitar a inclus\u00e3o de locais, rotas ou regi\u00f5es para assist\u00eancia;<\/li><li>Ter a sua entidade divulgada no site, com foto, descri\u00e7\u00e3o e canais de comunica\u00e7\u00e3o;<\/li><li>Participar das a\u00e7\u00f5es de mobiliza\u00e7\u00e3o em prol da Popula\u00e7\u00e3o em Situa\u00e7\u00e3o de Rua;<\/li><li>Utilizar a marca da Rede Novo Olhar Rua para promo\u00e7\u00e3o de seu projeto, desde que respeitadas as normas vigentes.<\/li><\/ul>\n\n\n\n<div class=\"wp-block-buttons is-content-justification-center\">\n<div class=\"wp-block-button is-style-fill\"><a class=\"wp-block-button__link has-text-color has-background\" href=\"https:\/\/novoolharrua.org\/comunidade\/novo-registro\/\" style=\"background-color:#e0ae0b;color:#000000\" target=\"_blank\" rel=\"noreferrer noopener\">QUERO SER MEMBRO<\/a><\/div>\n<\/div>\n\n\n\n<p><\/p>\n","protected":false},"excerpt":{"rendered":"<p>Crit\u00e9rios de revis\u00e3o\/desligamento de Membros: Aqueles que colocarem interesses financeiros, pol\u00edtico-partid\u00e1rio ou pessoais acima dos interesses sociais; &nbsp;Os que infringirem os direitos da Popula\u00e7\u00e3o em Situa\u00e7\u00e3o de Rua, seja, desrespeitar, discriminar, demonstrar preconceito de toda e qualquer natureza, agredir, ou qualquer a\u00e7\u00e3o de viol\u00eancia; Os que demonstrarem atitudes desagregadoras reiteradamente;&nbsp; S\u00e3o deveres dos membros associados [&hellip;]<\/p>\n","protected":false},"author":1,"featured_media":0,"parent":0,"menu_order":0,"comment_status":"closed","ping_status":"closed","template":"","meta":[],"_links":{"self":[{"href":"https:\/\/novoolharrua.org\/comunidade\/wp-json\/wp\/v2\/pages\/8"}],"collection":[{"href":"https:\/\/novoolharrua.org\/comunidade\/wp-json\/wp\/v2\/pages"}],"about":[{"href":"https:\/\/novoolharrua.org\/comunidade\/wp-json\/wp\/v2\/types\/page"}],"author":[{"embeddable":true,"href":"https:\/\/novoolharrua.org\/comunidade\/wp-json\/wp\/v2\/users\/1"}],"replies":[{"embeddable":true,"href":"https:\/\/novoolharrua.org\/comunidade\/wp-json\/wp\/v2\/comments?post=8"}],"version-history":[{"count":11,"href":"https:\/\/novoolharrua.org\/comunidade\/wp-json\/wp\/v2\/pages\/8\/revisions"}],"predecessor-version":[{"id":2033,"href":"https:\/\/novoolharrua.org\/comunidade\/wp-json\/wp\/v2\/pages\/8\/revisions\/2033"}],"wp:attachment":[{"href":"https:\/\/novoolharrua.org\/comunidade\/wp-json\/wp\/v2\/media?parent=8"}],"curies":[{"name":"wp","href":"https:\/\/api.w.org\/{rel}","templated":true}]}}